{"id":147,"date":"2019-10-04T12:42:25","date_gmt":"2019-10-04T15:42:25","guid":{"rendered":"http:\/\/3w.prohind.cl\/?page_id=147"},"modified":"2019-10-08T19:02:23","modified_gmt":"2019-10-08T22:02:23","slug":"declaraciones-fundamentales","status":"publish","type":"page","link":"http:\/\/shop.prohind.cl\/index.php\/declaraciones-fundamentales\/","title":{"rendered":"DECLARACIONES FUNDAMENTALES"},"content":{"rendered":"\n<div class=\"wp-block-columns has-3-columns\">\n<div class=\"wp-block-column\">\n<div class=\"wp-block-image\"><figure class=\"aligncenter\"><img src=\"https:\/\/pngimage.net\/wp-content\/uploads\/2018\/06\/misi%C3%B3n-png-6.png\" alt=\"\"\/><\/figure><\/div>\n\n\n\n<p style=\"background-color:#2469a2;color:#ffffff;text-align:center\" class=\"has-text-color has-background has-normal-font-size\">\n\n\n\n\n\n\n\n\n\n\n\n\n\n\n\n\nProveer a la industria oleohidr\u00e1ulica productos\nde calidad certificada y servicios especializados a precios competitivos, a\ntrav\u00e9s de procesos internos eficientes, gracias a un equipo de trabajo que\ncuenta con amplia experiencia en el rubro, teniendo como foco fundamental la\ncreaci\u00f3n de valor para el cliente. \n\n\n\n<\/p>\n<\/div>\n\n\n\n<div class=\"wp-block-column\">\n<div class=\"wp-block-image\"><figure class=\"aligncenter\"><img src=\"http:\/\/eed-ce.com.mx\/wp-content\/uploads\/2017\/11\/VISION.png\" alt=\"\"\/><\/figure><\/div>\n\n\n\n<p style=\"background-color:#2469a2;color:#ffffff;text-align:center\" class=\"has-text-color has-background has-normal-font-size\">Ser una empresa l\u00edder a nivel regional y nacional en el quehacer oleohidr\u00e1ulico, otorgando un servicio de excelencia a nuestros clientes, combinando en cada proceso la eficiencia y adaptaci\u00f3n al cambio de nuevas tecnolog\u00edas, generando ventajas competitivas, mediante la integraci\u00f3n con el cliente, buscando cercan\u00eda y confiabilidad, para la sustentabilidad a lo largo del tiempo.<\/p>\n<\/div>\n\n\n\n<div class=\"wp-block-column\">\n<div class=\"wp-block-image\"><figure class=\"aligncenter is-resized\"><img loading=\"lazy\" src=\"https:\/\/static.wixstatic.com\/media\/eae61c_7d0f13ff28f340ac91872a8e9bc7331e~mv2.png\" alt=\"\" width=\"283\" height=\"192\"\/><\/figure><\/div>\n\n\n\n<p style=\"color:#ffffff;text-align:left\" class=\"has-text-color has-background has-luminous-vivid-orange-background-color\">&#8211; Respeto hacia nuestros trabajadores y trabajadoras.<br>&#8211; Permanente preocupaci\u00f3n por la calidad <br>&#8211; Higiene como base para la realizaci\u00f3n de nuestro trabajo.<br>&#8211; Compromiso por la satisfacci\u00f3n del cliente.<br>&#8211; Transparencia, responsabilidad y trabajo en equipo.<br>&#8211; Organizaci\u00f3n dispuesta a adquirir nuevos conocimientos y desaf\u00edos.<br>&#8211; Aprendizaje, adaptabilidad al cambio y constancia en nuestro trabajo.<\/p>\n<\/div>\n<\/div>\n","protected":false},"excerpt":{"rendered":"<p>Proveer a la industria oleohidr\u00e1ulica productos de calidad certificada y servicios especializados a precios competitivos, a trav\u00e9s de procesos internos eficientes, gracias a un equipo de trabajo que cuenta con amplia experiencia en el rubro, teniendo como foco fundamental la creaci\u00f3n de valor para el cliente. Ser una empresa l\u00edder a nivel regional y nacional<\/p>\n","protected":false},"author":1,"featured_media":158,"parent":0,"menu_order":0,"comment_status":"closed","ping_status":"closed","template":"","meta":{"_monsterinsights_skip_tracking":false,"_monsterinsights_sitenote_active":false,"_monsterinsights_sitenote_note":"","_monsterinsights_sitenote_category":0},"_links":{"self":[{"href":"http:\/\/shop.prohind.cl\/index.php\/wp-json\/wp\/v2\/pages\/147"}],"collection":[{"href":"http:\/\/shop.prohind.cl\/index.php\/wp-json\/wp\/v2\/pages"}],"about":[{"href":"http:\/\/shop.prohind.cl\/index.php\/wp-json\/wp\/v2\/types\/page"}],"author":[{"embeddable":true,"href":"http:\/\/shop.prohind.cl\/index.php\/wp-json\/wp\/v2\/users\/1"}],"replies":[{"embeddable":true,"href":"http:\/\/shop.prohind.cl\/index.php\/wp-json\/wp\/v2\/comments?post=147"}],"version-history":[{"count":14,"href":"http:\/\/shop.prohind.cl\/index.php\/wp-json\/wp\/v2\/pages\/147\/revisions"}],"predecessor-version":[{"id":539,"href":"http:\/\/shop.prohind.cl\/index.php\/wp-json\/wp\/v2\/pages\/147\/revisions\/539"}],"wp:featuredmedia":[{"embeddable":true,"href":"http:\/\/shop.prohind.cl\/index.php\/wp-json\/wp\/v2\/media\/158"}],"wp:attachment":[{"href":"http:\/\/shop.prohind.cl\/index.php\/wp-json\/wp\/v2\/media?parent=147"}],"curies":[{"name":"wp","href":"https:\/\/api.w.org\/{rel}","templated":true}]}}