{"id":240,"date":"2019-10-04T18:19:51","date_gmt":"2019-10-04T21:19:51","guid":{"rendered":"http:\/\/3w.prohind.cl\/?page_id=240"},"modified":"2020-04-21T12:38:39","modified_gmt":"2020-04-21T15:38:39","slug":"quienes-somos","status":"publish","type":"page","link":"http:\/\/shop.prohind.cl\/index.php\/quienes-somos\/","title":{"rendered":"Historia"},"content":{"rendered":"\n<div class=\"wp-block-image\"><figure class=\"aligncenter size-large\"><img loading=\"lazy\" width=\"1024\" height=\"698\" src=\"http:\/\/shop.prohind.cl\/wp-content\/uploads\/2020\/04\/002007-2-1024x698.jpg\" alt=\"\" class=\"wp-image-973\" srcset=\"http:\/\/shop.prohind.cl\/wp-content\/uploads\/2020\/04\/002007-2-1024x698.jpg 1024w, http:\/\/shop.prohind.cl\/wp-content\/uploads\/2020\/04\/002007-2-300x205.jpg 300w, http:\/\/shop.prohind.cl\/wp-content\/uploads\/2020\/04\/002007-2-768x524.jpg 768w, http:\/\/shop.prohind.cl\/wp-content\/uploads\/2020\/04\/002007-2-1536x1048.jpg 1536w, http:\/\/shop.prohind.cl\/wp-content\/uploads\/2020\/04\/002007-2-2048x1397.jpg 2048w\" sizes=\"(max-width: 1024px) 100vw, 1024px\" \/><\/figure><\/div>\n\n\n\n<figure class=\"wp-block-gallery aligncenter columns-2\"><ul class=\"blocks-gallery-grid\"><li class=\"blocks-gallery-item\"><figure><img loading=\"lazy\" width=\"1024\" height=\"264\" src=\"http:\/\/shop.prohind.cl\/wp-content\/uploads\/2019\/10\/LOGO-PROHIND-FONDO-BLANCO-1-e1571158985631-1024x264.png\" alt=\"\" data-id=\"865\" data-link=\"http:\/\/shop.prohind.cl\/index.php\/quienes-somos\/logo-prohind-fondo-blanco-2\/\" class=\"wp-image-865\" srcset=\"http:\/\/shop.prohind.cl\/wp-content\/uploads\/2019\/10\/LOGO-PROHIND-FONDO-BLANCO-1-e1571158985631-1024x264.png 1024w, http:\/\/shop.prohind.cl\/wp-content\/uploads\/2019\/10\/LOGO-PROHIND-FONDO-BLANCO-1-e1571158985631-300x77.png 300w, http:\/\/shop.prohind.cl\/wp-content\/uploads\/2019\/10\/LOGO-PROHIND-FONDO-BLANCO-1-e1571158985631-768x198.png 768w\" sizes=\"(max-width: 1024px) 100vw, 1024px\" \/><\/figure><\/li><li class=\"blocks-gallery-item\"><figure><img loading=\"lazy\" width=\"515\" height=\"157\" src=\"http:\/\/shop.prohind.cl\/wp-content\/uploads\/2019\/10\/Logo-IVH.jpg\" alt=\"\" data-id=\"361\" data-link=\"http:\/\/shop.prohind.cl\/index.php\/servicios__trashed\/logo-ivh\/\" class=\"wp-image-361\" srcset=\"http:\/\/shop.prohind.cl\/wp-content\/uploads\/2019\/10\/Logo-IVH.jpg 515w, http:\/\/shop.prohind.cl\/wp-content\/uploads\/2019\/10\/Logo-IVH-300x91.jpg 300w\" sizes=\"(max-width: 515px) 100vw, 515px\" \/><\/figure><\/li><\/ul><\/figure>\n\n\n\n<div class=\"wp-block-columns\">\n<div class=\"wp-block-column\">\n<p><\/p>\n\n\n\n<p style=\"background-color:#2469a2;color:#ffffff\" class=\"has-text-color has-background\"><strong>COMERCIAL PROHIND LTDA.<\/strong>&nbsp;es una empresa dedicada a la comercializaci\u00f3n de productos hidr\u00e1ulicos e industriales, como tambi\u00e9n al servicio integral en el rubro oleohidr\u00e1ulico. Adem\u00e1s, dentro de su oferta, est\u00e1 la fabricaci\u00f3n de piezas, reparaciones estructurales y mec\u00e1nicas, mediante la <strong>Maestranza IVH Ltda.<\/strong>&nbsp;(Inversiones Vera Hermanos), empresa que forma parte de su portafolio o cartera de negocios.  <br> <br>Prohind nace en el a\u00f1o 1994, con el nombre <strong>Vera Opazo Hugo y Otro<\/strong>, como respuesta a la oportunidad de atender a un mercado que requer\u00eda de atenci\u00f3n especializada, en la fabricaci\u00f3n de flexibles, repuestos, ca\u00f1er\u00edas y piezas especiales oleohidr\u00e1ulicas para empresas de las \u00e1reas de servicio, industrial, minero, agr\u00edcola, forestal y pesquero principalmente.  <br><br>Esta sociedad en base a palabra, confianza y compromiso, se gener\u00f3 a partir de la experiencia de tres hermanos que debido a necesidades personales, hab\u00edan trabajado por a\u00f1os en empresas del sector industrial.  <\/p>\n<\/div>\n\n\n\n<div class=\"wp-block-column\">\n<p><\/p>\n\n\n\n<p style=\"background-color:#2469a2;color:#ffffff\" class=\"has-text-color has-background\">En el a\u00f1o 2007, se decide iniciar actividades como:<br><br> <strong>&#8211; Comercial Prohind (\u00c1rea Comercial)<\/strong>. <br> <strong>&#8211; Inversiones Vera Hermanos (Maestranza)<\/strong>.<br><br> Arribando el a\u00f1o 2009, la empresa se logra certificar en calidad, bajo la norma ISO 9001, creciendo y diferenci\u00e1ndose en un mercado cada vez m\u00e1s competitivo.  <br><br> Para el 2016, Comercial Prohind se certifica en seguridad, mediante la norma OHSAS 18001, asumiendo un compromiso con el bienestar de su personal de planta. <br><br> Actualmente Prohind se posiciona como una empresa l\u00edder en el mercado, entregando soluciones oportunas a sus clientes, contando con la bodega mas amplia en la 8va regi\u00f3n, marcas exclusivas y componentes de alta calidad.  <\/p>\n<\/div>\n<\/div>\n","protected":false},"excerpt":{"rendered":"<p>COMERCIAL PROHIND LTDA.&nbsp;es una empresa dedicada a la comercializaci\u00f3n de productos hidr\u00e1ulicos e industriales, como tambi\u00e9n al servicio integral en el rubro oleohidr\u00e1ulico. Adem\u00e1s, dentro de su oferta, est\u00e1 la fabricaci\u00f3n de piezas, reparaciones estructurales y mec\u00e1nicas, mediante la Maestranza IVH Ltda.&nbsp;(Inversiones Vera Hermanos), empresa que forma parte de su portafolio o cartera de negocios.<\/p>\n","protected":false},"author":1,"featured_media":0,"parent":0,"menu_order":0,"comment_status":"closed","ping_status":"closed","template":"","meta":{"_monsterinsights_skip_tracking":false,"_monsterinsights_sitenote_active":false,"_monsterinsights_sitenote_note":"","_monsterinsights_sitenote_category":0},"_links":{"self":[{"href":"http:\/\/shop.prohind.cl\/index.php\/wp-json\/wp\/v2\/pages\/240"}],"collection":[{"href":"http:\/\/shop.prohind.cl\/index.php\/wp-json\/wp\/v2\/pages"}],"about":[{"href":"http:\/\/shop.prohind.cl\/index.php\/wp-json\/wp\/v2\/types\/page"}],"author":[{"embeddable":true,"href":"http:\/\/shop.prohind.cl\/index.php\/wp-json\/wp\/v2\/users\/1"}],"replies":[{"embeddable":true,"href":"http:\/\/shop.prohind.cl\/index.php\/wp-json\/wp\/v2\/comments?post=240"}],"version-history":[{"count":17,"href":"http:\/\/shop.prohind.cl\/index.php\/wp-json\/wp\/v2\/pages\/240\/revisions"}],"predecessor-version":[{"id":976,"href":"http:\/\/shop.prohind.cl\/index.php\/wp-json\/wp\/v2\/pages\/240\/revisions\/976"}],"wp:attachment":[{"href":"http:\/\/shop.prohind.cl\/index.php\/wp-json\/wp\/v2\/media?parent=240"}],"curies":[{"name":"wp","href":"https:\/\/api.w.org\/{rel}","templated":true}]}}