{"id":451,"date":"2019-10-08T12:10:35","date_gmt":"2019-10-08T15:10:35","guid":{"rendered":"http:\/\/3w.prohind.cl\/?page_id=451"},"modified":"2019-10-08T14:50:51","modified_gmt":"2019-10-08T17:50:51","slug":"forestizacion-de-maquinaria-pesada","status":"publish","type":"page","link":"http:\/\/shop.prohind.cl\/index.php\/forestizacion-de-maquinaria-pesada\/","title":{"rendered":"Forestizaci\u00f3n de Maquinaria Pesada"},"content":{"rendered":"\n<div class=\"wp-block-image\"><figure class=\"aligncenter\"><img loading=\"lazy\" width=\"515\" height=\"157\" src=\"http:\/\/shop.prohind.cl\/wp-content\/uploads\/2019\/10\/Logo-IVH.jpg\" alt=\"\" class=\"wp-image-361\" srcset=\"http:\/\/shop.prohind.cl\/wp-content\/uploads\/2019\/10\/Logo-IVH.jpg 515w, http:\/\/shop.prohind.cl\/wp-content\/uploads\/2019\/10\/Logo-IVH-300x91.jpg 300w\" sizes=\"(max-width: 515px) 100vw, 515px\" \/><figcaption> <strong>Mediante nuestra Maestranza IVH, ofrecemos todo tipo de servicios especializados, tanto Oleohidr\u00e1ulicos como Industriales, otorgando un servicio de excelencia a nuestros clientes, quienes durante a\u00f1os nos han preferido.<\/strong><br> <br><br><br><\/figcaption><\/figure><\/div>\n\n\n\n<div class=\"wp-block-media-text alignwide has-media-on-the-right\" style=\"background-color:#385eaa\"><figure class=\"wp-block-media-text__media\"><img loading=\"lazy\" width=\"1024\" height=\"719\" src=\"http:\/\/shop.prohind.cl\/wp-content\/uploads\/2019\/10\/IMG-20180104-WA0008-1-e1570543725257-1024x719.jpg\" alt=\"\" class=\"wp-image-381\"\/><\/figure><div class=\"wp-block-media-text__content\">\n<p style=\"color:#ffffff;text-align:center\" class=\"has-text-color has-medium-font-size\"><strong>Ofrecemos el servicio completo de forestizaci\u00f3n para Maquinaria Pesada de la industria forestal, tanto en el \u00e1rea de Maestranza como en el \u00e1rea Oleohidr\u00e1ulica. <\/strong><br><br> <strong><em>Conf\u00eda, nosotros hacemos el resto.<\/em><\/strong>  <\/p>\n\n\n\n<p style=\"color:#ffffff;text-align:right\" class=\"has-text-color has-small-font-size\"><br><br><br><em>FOTO: Trabajo de forestizaci\u00f3n realizado por Comercial Prohind, a una excavadora Caterpillar.<\/em> <\/p>\n<\/div><\/div>\n\n\n\n<p><\/p>\n","protected":false},"excerpt":{"rendered":"<p>Ofrecemos el servicio completo de forestizaci\u00f3n para Maquinaria Pesada de la industria forestal, tanto en el \u00e1rea de Maestranza como en el \u00e1rea Oleohidr\u00e1ulica. Conf\u00eda, nosotros hacemos el resto. FOTO: Trabajo de forestizaci\u00f3n realizado por Comercial Prohind, a una excavadora Caterpillar.<\/p>\n","protected":false},"author":1,"featured_media":0,"parent":0,"menu_order":0,"comment_status":"closed","ping_status":"closed","template":"","meta":{"_monsterinsights_skip_tracking":false,"_monsterinsights_sitenote_active":false,"_monsterinsights_sitenote_note":"","_monsterinsights_sitenote_category":0},"_links":{"self":[{"href":"http:\/\/shop.prohind.cl\/index.php\/wp-json\/wp\/v2\/pages\/451"}],"collection":[{"href":"http:\/\/shop.prohind.cl\/index.php\/wp-json\/wp\/v2\/pages"}],"about":[{"href":"http:\/\/shop.prohind.cl\/index.php\/wp-json\/wp\/v2\/types\/page"}],"author":[{"embeddable":true,"href":"http:\/\/shop.prohind.cl\/index.php\/wp-json\/wp\/v2\/users\/1"}],"replies":[{"embeddable":true,"href":"http:\/\/shop.prohind.cl\/index.php\/wp-json\/wp\/v2\/comments?post=451"}],"version-history":[{"count":7,"href":"http:\/\/shop.prohind.cl\/index.php\/wp-json\/wp\/v2\/pages\/451\/revisions"}],"predecessor-version":[{"id":518,"href":"http:\/\/shop.prohind.cl\/index.php\/wp-json\/wp\/v2\/pages\/451\/revisions\/518"}],"wp:attachment":[{"href":"http:\/\/shop.prohind.cl\/index.php\/wp-json\/wp\/v2\/media?parent=451"}],"curies":[{"name":"wp","href":"https:\/\/api.w.org\/{rel}","templated":true}]}}