{"id":461,"date":"2019-10-08T12:22:13","date_gmt":"2019-10-08T15:22:13","guid":{"rendered":"http:\/\/3w.prohind.cl\/?page_id=461"},"modified":"2019-10-08T16:01:39","modified_gmt":"2019-10-08T19:01:39","slug":"instalacion-de-tercera-funcion-hidraulica","status":"publish","type":"page","link":"http:\/\/shop.prohind.cl\/index.php\/instalacion-de-tercera-funcion-hidraulica\/","title":{"rendered":"Instalaci\u00f3n de Tercera Funci\u00f3n Hidr\u00e1ulica"},"content":{"rendered":"\n<div class=\"wp-block-image\"><figure class=\"aligncenter\"><img loading=\"lazy\" width=\"515\" height=\"157\" src=\"http:\/\/shop.prohind.cl\/wp-content\/uploads\/2019\/10\/Logo-IVH.jpg\" alt=\"\" class=\"wp-image-361\" srcset=\"http:\/\/shop.prohind.cl\/wp-content\/uploads\/2019\/10\/Logo-IVH.jpg 515w, http:\/\/shop.prohind.cl\/wp-content\/uploads\/2019\/10\/Logo-IVH-300x91.jpg 300w\" sizes=\"(max-width: 515px) 100vw, 515px\" \/><figcaption> <strong>Mediante nuestra Maestranza IVH, ofrecemos todo tipo de servicios especializados, tanto Oleohidr\u00e1ulicos como Industriales, otorgando un servicio de excelencia a nuestros clientes, quienes durante a\u00f1os nos han preferido.<\/strong><br><br><br><br> <\/figcaption><\/figure><\/div>\n\n\n\n<div class=\"wp-block-media-text alignwide has-media-on-the-right\" style=\"background-color:#385eaa\"><figure class=\"wp-block-media-text__media\"><img loading=\"lazy\" width=\"1024\" height=\"832\" src=\"http:\/\/shop.prohind.cl\/wp-content\/uploads\/2019\/10\/DSC0937-e1570543633643-1024x832.jpg\" alt=\"\" class=\"wp-image-373\" srcset=\"http:\/\/shop.prohind.cl\/wp-content\/uploads\/2019\/10\/DSC0937-e1570543633643-1024x832.jpg 1024w, http:\/\/shop.prohind.cl\/wp-content\/uploads\/2019\/10\/DSC0937-e1570543633643-300x244.jpg 300w, http:\/\/shop.prohind.cl\/wp-content\/uploads\/2019\/10\/DSC0937-e1570543633643-768x624.jpg 768w\" sizes=\"(max-width: 1024px) 100vw, 1024px\" \/><\/figure><div class=\"wp-block-media-text__content\">\n<p style=\"color:#ffffff;text-align:center\" class=\"has-text-color has-medium-font-size\"><strong>Instalamos tercera funci\u00f3n (Martillo hidr\u00e1ulico, Garras, Clamp), en una amplia gama de Maquinaria Pesada, ya sea retroexcavadoras, excavadoras y Feller, entre otras. Servicio de calidad garantizado.<\/strong><br><br> <strong><em>Conf\u00eda, nosotros hacemos el resto.<\/em><\/strong>  <\/p>\n\n\n\n<p style=\"color:#ffffff;text-align:right\" class=\"has-text-color has-small-font-size\"><br><br><br><em>FOTO: Instalaci\u00f3n de tercera funci\u00f3n en retroexcavadora TEREX TLB 830.<\/em> <\/p>\n<\/div><\/div>\n\n\n\n<p><\/p>\n","protected":false},"excerpt":{"rendered":"<p>Instalamos tercera funci\u00f3n (Martillo hidr\u00e1ulico, Garras, Clamp), en una amplia gama de Maquinaria Pesada, ya sea retroexcavadoras, excavadoras y Feller, entre otras. Servicio de calidad garantizado. Conf\u00eda, nosotros hacemos el resto. FOTO: Instalaci\u00f3n de tercera funci\u00f3n en retroexcavadora TEREX TLB 830.<\/p>\n","protected":false},"author":1,"featured_media":0,"parent":0,"menu_order":0,"comment_status":"closed","ping_status":"closed","template":"","meta":{"_monsterinsights_skip_tracking":false,"_monsterinsights_sitenote_active":false,"_monsterinsights_sitenote_note":"","_monsterinsights_sitenote_category":0},"_links":{"self":[{"href":"http:\/\/shop.prohind.cl\/index.php\/wp-json\/wp\/v2\/pages\/461"}],"collection":[{"href":"http:\/\/shop.prohind.cl\/index.php\/wp-json\/wp\/v2\/pages"}],"about":[{"href":"http:\/\/shop.prohind.cl\/index.php\/wp-json\/wp\/v2\/types\/page"}],"author":[{"embeddable":true,"href":"http:\/\/shop.prohind.cl\/index.php\/wp-json\/wp\/v2\/users\/1"}],"replies":[{"embeddable":true,"href":"http:\/\/shop.prohind.cl\/index.php\/wp-json\/wp\/v2\/comments?post=461"}],"version-history":[{"count":14,"href":"http:\/\/shop.prohind.cl\/index.php\/wp-json\/wp\/v2\/pages\/461\/revisions"}],"predecessor-version":[{"id":521,"href":"http:\/\/shop.prohind.cl\/index.php\/wp-json\/wp\/v2\/pages\/461\/revisions\/521"}],"wp:attachment":[{"href":"http:\/\/shop.prohind.cl\/index.php\/wp-json\/wp\/v2\/media?parent=461"}],"curies":[{"name":"wp","href":"https:\/\/api.w.org\/{rel}","templated":true}]}}