{"id":492,"date":"2019-10-08T12:50:09","date_gmt":"2019-10-08T15:50:09","guid":{"rendered":"http:\/\/3w.prohind.cl\/?page_id=492"},"modified":"2019-10-08T16:49:09","modified_gmt":"2019-10-08T19:49:09","slug":"servicios-industriales","status":"publish","type":"page","link":"http:\/\/shop.prohind.cl\/index.php\/servicios-industriales\/","title":{"rendered":"Servicios Industriales"},"content":{"rendered":"\n<div class=\"wp-block-image\"><figure class=\"aligncenter\"><img loading=\"lazy\" width=\"515\" height=\"157\" src=\"http:\/\/shop.prohind.cl\/wp-content\/uploads\/2019\/10\/Logo-IVH.jpg\" alt=\"\" class=\"wp-image-361\" srcset=\"http:\/\/shop.prohind.cl\/wp-content\/uploads\/2019\/10\/Logo-IVH.jpg 515w, http:\/\/shop.prohind.cl\/wp-content\/uploads\/2019\/10\/Logo-IVH-300x91.jpg 300w\" sizes=\"(max-width: 515px) 100vw, 515px\" \/><figcaption> <strong>Mediante nuestra Maestranza IVH, ofrecemos todo tipo de servicios especializados, tanto Oleohidr\u00e1ulicos como Industriales, otorgando un servicio de excelencia a nuestros clientes, quienes durante a\u00f1os nos han preferido.<\/strong> <br><br><br><\/figcaption><\/figure><\/div>\n\n\n\n<div class=\"wp-block-media-text alignwide has-media-on-the-right\" style=\"background-color:#385eaa;grid-template-columns:auto 37%\"><figure class=\"wp-block-media-text__media\"><img loading=\"lazy\" width=\"1019\" height=\"1024\" src=\"http:\/\/shop.prohind.cl\/wp-content\/uploads\/2019\/10\/IMG_20160513_165533577-COLLAGE-1-e1570544103504-1019x1024.jpg\" alt=\"\" class=\"wp-image-379\" srcset=\"http:\/\/shop.prohind.cl\/wp-content\/uploads\/2019\/10\/IMG_20160513_165533577-COLLAGE-1-e1570544103504-1019x1024.jpg 1019w, http:\/\/shop.prohind.cl\/wp-content\/uploads\/2019\/10\/IMG_20160513_165533577-COLLAGE-1-e1570544103504-150x150.jpg 150w, http:\/\/shop.prohind.cl\/wp-content\/uploads\/2019\/10\/IMG_20160513_165533577-COLLAGE-1-e1570544103504-298x300.jpg 298w, http:\/\/shop.prohind.cl\/wp-content\/uploads\/2019\/10\/IMG_20160513_165533577-COLLAGE-1-e1570544103504-768x772.jpg 768w, http:\/\/shop.prohind.cl\/wp-content\/uploads\/2019\/10\/IMG_20160513_165533577-COLLAGE-1-e1570544103504.jpg 1939w\" sizes=\"(max-width: 1019px) 100vw, 1019px\" \/><\/figure><div class=\"wp-block-media-text__content\">\n<p style=\"color:#ffffff;text-align:center\" class=\"has-text-color has-medium-font-size\"><strong>Realizamos toda clase de servicios industriales, ya sea instalaci\u00f3n, reparaci\u00f3n y mantenci\u00f3n de equipos.<br><br> <\/strong><em><strong>Conf\u00eda, nosotros hacemos el resto.<\/strong><\/em> <\/p>\n\n\n\n<p style=\"color:#ffffff;text-align:right\" class=\"has-text-color has-small-font-size\"><br><br><br><em>FOTO: Instalaci\u00f3n de equipos en instituto Virginio G\u00f3mez  <\/em><\/p>\n<\/div><\/div>\n","protected":false},"excerpt":{"rendered":"<p>Realizamos toda clase de servicios industriales, ya sea instalaci\u00f3n, reparaci\u00f3n y mantenci\u00f3n de equipos. Conf\u00eda, nosotros hacemos el resto. FOTO: Instalaci\u00f3n de equipos en instituto Virginio G\u00f3mez<\/p>\n","protected":false},"author":1,"featured_media":0,"parent":0,"menu_order":0,"comment_status":"closed","ping_status":"closed","template":"","meta":{"_monsterinsights_skip_tracking":false,"_monsterinsights_sitenote_active":false,"_monsterinsights_sitenote_note":"","_monsterinsights_sitenote_category":0},"_links":{"self":[{"href":"http:\/\/shop.prohind.cl\/index.php\/wp-json\/wp\/v2\/pages\/492"}],"collection":[{"href":"http:\/\/shop.prohind.cl\/index.php\/wp-json\/wp\/v2\/pages"}],"about":[{"href":"http:\/\/shop.prohind.cl\/index.php\/wp-json\/wp\/v2\/types\/page"}],"author":[{"embeddable":true,"href":"http:\/\/shop.prohind.cl\/index.php\/wp-json\/wp\/v2\/users\/1"}],"replies":[{"embeddable":true,"href":"http:\/\/shop.prohind.cl\/index.php\/wp-json\/wp\/v2\/comments?post=492"}],"version-history":[{"count":5,"href":"http:\/\/shop.prohind.cl\/index.php\/wp-json\/wp\/v2\/pages\/492\/revisions"}],"predecessor-version":[{"id":522,"href":"http:\/\/shop.prohind.cl\/index.php\/wp-json\/wp\/v2\/pages\/492\/revisions\/522"}],"wp:attachment":[{"href":"http:\/\/shop.prohind.cl\/index.php\/wp-json\/wp\/v2\/media?parent=492"}],"curies":[{"name":"wp","href":"https:\/\/api.w.org\/{rel}","templated":true}]}}