{"id":608,"date":"2019-10-09T17:11:39","date_gmt":"2019-10-09T20:11:39","guid":{"rendered":"http:\/\/3w.prohind.cl\/?page_id=608"},"modified":"2019-10-15T09:17:11","modified_gmt":"2019-10-15T12:17:11","slug":"contactenos","status":"publish","type":"page","link":"http:\/\/shop.prohind.cl\/index.php\/contactenos\/","title":{"rendered":"Cont\u00e1ctenos"},"content":{"rendered":"\n<div class=\"wp-block-columns has-3-columns\">\n<div class=\"wp-block-column\">\n<div class=\"wp-block-image\"><figure class=\"aligncenter is-resized\"><img loading=\"lazy\" src=\"https:\/\/www.timg.cl\/wp-content\/uploads\/2017\/09\/a945eef28564ae85fff5ac18adf637d9-tel-fono-icono-de-ronda-by-vexels.png\" alt=\"\" width=\"76\" height=\"76\"\/><\/figure><\/div>\n\n\n\n<p style=\"text-align:center\" class=\"has-background has-medium-font-size has-vivid-green-cyan-background-color\"><strong>LL\u00c1MENOS<\/strong><\/p>\n\n\n\n<p style=\"background-color:#2469a2;color:#ffffff;text-align:center\" class=\"has-text-color has-background\"><strong>Fonos:<\/strong><br><br>41-2410183<br>41-2426745<br>41-2422671<\/p>\n<\/div>\n\n\n\n<div class=\"wp-block-column\">\n<div class=\"wp-block-image\"><figure class=\"aligncenter is-resized\"><img loading=\"lazy\" src=\"https:\/\/d1cr57qij2cwzh.cloudfront.net\/wp-content\/uploads\/2018\/04\/EmailTesting_Icon.png\" alt=\"\" width=\"77\" height=\"76\"\/><\/figure><\/div>\n\n\n\n<p style=\"text-align:center\" class=\"has-background has-medium-font-size has-vivid-green-cyan-background-color\"><strong>ESCR\u00cdBANOS<\/strong><\/p>\n\n\n\n<p style=\"background-color:#2469a2;color:#ffffff;text-align:center\" class=\"has-text-color has-background\"><strong>E-mail:<\/strong><br><br>ventas@prohind.cl<br><strong>Departamento de Ventas<\/strong><br><br>hvera@ivh.cl<br><strong>Gerente General<\/strong><br><br>jvera@ivh.cl<br><strong>Gerente Comercial<\/strong><br><br>overa@ivh.cl<br><strong>Gerente T\u00e9cnico<\/strong><br><br>evera@ivh.cl<br><strong>Gerente Adm. y Finanzas<\/strong><\/p>\n<\/div>\n\n\n\n<div class=\"wp-block-column\">\n<div class=\"wp-block-image\"><figure class=\"aligncenter is-resized\"><img loading=\"lazy\" src=\"https:\/\/image.winudf.com\/v2\/image\/aXRjaC5jb21wdXRvbW92aWwubWFydGhhLnViaWNhY2lvbmdwc19pY29uXzE1MDQzMTExNThfMDYy\/icon.png?w=170&amp;fakeurl=1\" alt=\"\" width=\"76\" height=\"76\"\/><\/figure><\/div>\n\n\n\n<p style=\"text-align:center\" class=\"has-background has-medium-font-size has-vivid-green-cyan-background-color\"><strong>VIS\u00cdTENOS<\/strong><\/p>\n\n\n\n<p style=\"background-color:#2469a2;color:#ffffff;text-align:center\" class=\"has-text-color has-background\"><strong>Direcci\u00f3n:<\/strong><br><br>Avda. Crist\u00f3bal Col\u00f3n #6900 &#8211; Talcahuano<br><br><\/p>\n\n\n\n<figure class=\"wp-block-image is-resized\"><img loading=\"lazy\" src=\"http:\/\/shop.prohind.cl\/wp-content\/uploads\/2019\/10\/contactenos.jpg\" alt=\"\" class=\"wp-image-860\" width=\"589\" height=\"336\" srcset=\"http:\/\/shop.prohind.cl\/wp-content\/uploads\/2019\/10\/contactenos.jpg 700w, http:\/\/shop.prohind.cl\/wp-content\/uploads\/2019\/10\/contactenos-300x171.jpg 300w, http:\/\/shop.prohind.cl\/wp-content\/uploads\/2019\/10\/contactenos-350x200.jpg 350w\" sizes=\"(max-width: 589px) 100vw, 589px\" \/><\/figure>\n<\/div>\n<\/div>\n\n\n\n<p><\/p>\n","protected":false},"excerpt":{"rendered":"<p>LL\u00c1MENOS Fonos: 41-241018341-242674541-2422671 ESCR\u00cdBANOS E-mail: ventas@prohind.clDepartamento de Ventas hvera@ivh.clGerente General jvera@ivh.clGerente Comercial overa@ivh.clGerente T\u00e9cnico evera@ivh.clGerente Adm. y Finanzas VIS\u00cdTENOS Direcci\u00f3n: Avda. Crist\u00f3bal Col\u00f3n #6900 &#8211; Talcahuano<\/p>\n","protected":false},"author":1,"featured_media":0,"parent":0,"menu_order":0,"comment_status":"closed","ping_status":"closed","template":"","meta":{"_monsterinsights_skip_tracking":false,"_monsterinsights_sitenote_active":false,"_monsterinsights_sitenote_note":"","_monsterinsights_sitenote_category":0},"_links":{"self":[{"href":"http:\/\/shop.prohind.cl\/index.php\/wp-json\/wp\/v2\/pages\/608"}],"collection":[{"href":"http:\/\/shop.prohind.cl\/index.php\/wp-json\/wp\/v2\/pages"}],"about":[{"href":"http:\/\/shop.prohind.cl\/index.php\/wp-json\/wp\/v2\/types\/page"}],"author":[{"embeddable":true,"href":"http:\/\/shop.prohind.cl\/index.php\/wp-json\/wp\/v2\/users\/1"}],"replies":[{"embeddable":true,"href":"http:\/\/shop.prohind.cl\/index.php\/wp-json\/wp\/v2\/comments?post=608"}],"version-history":[{"count":14,"href":"http:\/\/shop.prohind.cl\/index.php\/wp-json\/wp\/v2\/pages\/608\/revisions"}],"predecessor-version":[{"id":861,"href":"http:\/\/shop.prohind.cl\/index.php\/wp-json\/wp\/v2\/pages\/608\/revisions\/861"}],"wp:attachment":[{"href":"http:\/\/shop.prohind.cl\/index.php\/wp-json\/wp\/v2\/media?parent=608"}],"curies":[{"name":"wp","href":"https:\/\/api.w.org\/{rel}","templated":true}]}}