{"id":704,"date":"2019-10-14T12:19:27","date_gmt":"2019-10-14T15:19:27","guid":{"rendered":"http:\/\/3w.prohind.cl\/?page_id=704"},"modified":"2019-10-14T12:19:27","modified_gmt":"2019-10-14T15:19:27","slug":"conexiones-en-bronce","status":"publish","type":"page","link":"http:\/\/shop.prohind.cl\/index.php\/conexiones-en-bronce\/","title":{"rendered":"Conexiones en Bronce"},"content":{"rendered":"\n<div class=\"wp-block-image\"><figure class=\"aligncenter is-resized\"><img loading=\"lazy\" src=\"http:\/\/shop.prohind.cl\/wp-content\/uploads\/2019\/10\/COVALCA-2-e1571063404365-1024x275.png\" alt=\"\" class=\"wp-image-668\" width=\"512\" height=\"138\" srcset=\"http:\/\/shop.prohind.cl\/wp-content\/uploads\/2019\/10\/COVALCA-2-e1571063404365-1024x275.png 1024w, http:\/\/shop.prohind.cl\/wp-content\/uploads\/2019\/10\/COVALCA-2-e1571063404365-300x81.png 300w, http:\/\/shop.prohind.cl\/wp-content\/uploads\/2019\/10\/COVALCA-2-e1571063404365-768x206.png 768w, http:\/\/shop.prohind.cl\/wp-content\/uploads\/2019\/10\/COVALCA-2-e1571063404365.png 1128w\" sizes=\"(max-width: 512px) 100vw, 512px\" \/><figcaption> <br> <strong>Somos los distribuidores oficiales de la marca <em>COVALCA<\/em> dentro de la regi\u00f3n del Biob\u00edo.<\/strong><br> <br><strong>Esta marca cuenta\u00a0con una amplia experiencia como fabricantes y distribuidores de conexiones de flu\u00eddos. Gracias a su\u00a0Calidad y Variedad de productos, se\u00a0ha\u00a0posicionado a nivel latinoamericano como uno de los principales proveedores para los diversos tipos de industrias.<\/strong> <br><br><br><\/figcaption><\/figure><\/div>\n\n\n\n<div class=\"wp-block-media-text alignwide has-media-on-the-right\" style=\"background-color:#2469a2;grid-template-columns:auto 31%\"><figure class=\"wp-block-media-text__media\"><img loading=\"lazy\" width=\"484\" height=\"335\" src=\"http:\/\/shop.prohind.cl\/wp-content\/uploads\/2019\/10\/Conexiones-en-bronce.jpg\" alt=\"\" class=\"wp-image-705\" srcset=\"http:\/\/shop.prohind.cl\/wp-content\/uploads\/2019\/10\/Conexiones-en-bronce.jpg 484w, http:\/\/shop.prohind.cl\/wp-content\/uploads\/2019\/10\/Conexiones-en-bronce-300x208.jpg 300w\" sizes=\"(max-width: 484px) 100vw, 484px\" \/><\/figure><div class=\"wp-block-media-text__content\">\n<p style=\"color:#ffffff\" class=\"has-text-color has-medium-font-size\">Tambi\u00e9n\u00a0llamadas conexiones de lat\u00f3n. Se clasifican en 5 tipos dependiendo de la aplicaci\u00f3n. Se utilizan en sistemas hidr\u00e1ulicos, enfriamiento, refrigeraci\u00f3n, sistemas de lubricaci\u00f3n, frenos de aire entre otros. <\/p>\n<\/div><\/div>\n","protected":false},"excerpt":{"rendered":"<p>Tambi\u00e9n\u00a0llamadas conexiones de lat\u00f3n. Se clasifican en 5 tipos dependiendo de la aplicaci\u00f3n. Se utilizan en sistemas hidr\u00e1ulicos, enfriamiento, refrigeraci\u00f3n, sistemas de lubricaci\u00f3n, frenos de aire entre otros.<\/p>\n","protected":false},"author":1,"featured_media":0,"parent":0,"menu_order":0,"comment_status":"closed","ping_status":"closed","template":"","meta":{"_monsterinsights_skip_tracking":false,"_monsterinsights_sitenote_active":false,"_monsterinsights_sitenote_note":"","_monsterinsights_sitenote_category":0},"_links":{"self":[{"href":"http:\/\/shop.prohind.cl\/index.php\/wp-json\/wp\/v2\/pages\/704"}],"collection":[{"href":"http:\/\/shop.prohind.cl\/index.php\/wp-json\/wp\/v2\/pages"}],"about":[{"href":"http:\/\/shop.prohind.cl\/index.php\/wp-json\/wp\/v2\/types\/page"}],"author":[{"embeddable":true,"href":"http:\/\/shop.prohind.cl\/index.php\/wp-json\/wp\/v2\/users\/1"}],"replies":[{"embeddable":true,"href":"http:\/\/shop.prohind.cl\/index.php\/wp-json\/wp\/v2\/comments?post=704"}],"version-history":[{"count":3,"href":"http:\/\/shop.prohind.cl\/index.php\/wp-json\/wp\/v2\/pages\/704\/revisions"}],"predecessor-version":[{"id":708,"href":"http:\/\/shop.prohind.cl\/index.php\/wp-json\/wp\/v2\/pages\/704\/revisions\/708"}],"wp:attachment":[{"href":"http:\/\/shop.prohind.cl\/index.php\/wp-json\/wp\/v2\/media?parent=704"}],"curies":[{"name":"wp","href":"https:\/\/api.w.org\/{rel}","templated":true}]}}