{"id":764,"date":"2019-10-14T13:38:44","date_gmt":"2019-10-14T16:38:44","guid":{"rendered":"http:\/\/3w.prohind.cl\/?page_id=764"},"modified":"2019-10-14T13:38:44","modified_gmt":"2019-10-14T16:38:44","slug":"manometros-inferior-y-posterior","status":"publish","type":"page","link":"http:\/\/shop.prohind.cl\/index.php\/manometros-inferior-y-posterior\/","title":{"rendered":"Man\u00f3metros Inferior y Posterior"},"content":{"rendered":"\n<div class=\"wp-block-image\"><figure class=\"aligncenter is-resized\"><img loading=\"lazy\" src=\"http:\/\/shop.prohind.cl\/wp-content\/uploads\/2019\/10\/COVALCA-2-e1571063404365-1024x275.png\" alt=\"\" class=\"wp-image-668\" width=\"512\" height=\"138\" srcset=\"http:\/\/shop.prohind.cl\/wp-content\/uploads\/2019\/10\/COVALCA-2-e1571063404365-1024x275.png 1024w, http:\/\/shop.prohind.cl\/wp-content\/uploads\/2019\/10\/COVALCA-2-e1571063404365-300x81.png 300w, http:\/\/shop.prohind.cl\/wp-content\/uploads\/2019\/10\/COVALCA-2-e1571063404365-768x206.png 768w, http:\/\/shop.prohind.cl\/wp-content\/uploads\/2019\/10\/COVALCA-2-e1571063404365.png 1128w\" sizes=\"(max-width: 512px) 100vw, 512px\" \/><figcaption> <br><strong>Somos los distribuidores oficiales de la marca\u00a0<em>COVALCA<\/em>\u00a0dentro de la regi\u00f3n del Biob\u00edo.<\/strong><br><br><strong>Esta marca cuenta\u00a0con una amplia experiencia como fabricantes y distribuidores de conexiones de flu\u00eddos. Gracias a su\u00a0Calidad y Variedad de productos, se\u00a0ha\u00a0posicionado a nivel latinoamericano como uno de los principales proveedores para los diversos tipos de industrias.<\/strong><br><br><br><\/figcaption><\/figure><\/div>\n\n\n\n<div class=\"wp-block-media-text alignwide has-media-on-the-right\" style=\"background-color:#2469a2;grid-template-columns:auto 27%\"><figure class=\"wp-block-media-text__media\"><img loading=\"lazy\" width=\"1024\" height=\"742\" src=\"http:\/\/shop.prohind.cl\/wp-content\/uploads\/2019\/10\/DSC00280-2-2-1024x742.jpg\" alt=\"\" class=\"wp-image-765\" srcset=\"http:\/\/shop.prohind.cl\/wp-content\/uploads\/2019\/10\/DSC00280-2-2-1024x742.jpg 1024w, http:\/\/shop.prohind.cl\/wp-content\/uploads\/2019\/10\/DSC00280-2-2-300x217.jpg 300w, http:\/\/shop.prohind.cl\/wp-content\/uploads\/2019\/10\/DSC00280-2-2-768x557.jpg 768w\" sizes=\"(max-width: 1024px) 100vw, 1024px\" \/><\/figure><div class=\"wp-block-media-text__content\">\n<p style=\"color:#ffffff\" class=\"has-text-color has-medium-font-size\">Instrumento de medida de la presi\u00f3n en fluidos (l\u00edquidos y gases) en circuitos cerrados. Miden la diferencia entre la presi\u00f3n real o absoluta y la presi\u00f3n atmosf\u00e9rica, llam\u00e1ndose a este valor, presi\u00f3n manom\u00e9trica. <\/p>\n<\/div><\/div>\n","protected":false},"excerpt":{"rendered":"<p>Instrumento de medida de la presi\u00f3n en fluidos (l\u00edquidos y gases) en circuitos cerrados. Miden la diferencia entre la presi\u00f3n real o absoluta y la presi\u00f3n atmosf\u00e9rica, llam\u00e1ndose a este valor, presi\u00f3n manom\u00e9trica.<\/p>\n","protected":false},"author":1,"featured_media":0,"parent":0,"menu_order":0,"comment_status":"closed","ping_status":"closed","template":"","meta":{"_monsterinsights_skip_tracking":false,"_monsterinsights_sitenote_active":false,"_monsterinsights_sitenote_note":"","_monsterinsights_sitenote_category":0},"_links":{"self":[{"href":"http:\/\/shop.prohind.cl\/index.php\/wp-json\/wp\/v2\/pages\/764"}],"collection":[{"href":"http:\/\/shop.prohind.cl\/index.php\/wp-json\/wp\/v2\/pages"}],"about":[{"href":"http:\/\/shop.prohind.cl\/index.php\/wp-json\/wp\/v2\/types\/page"}],"author":[{"embeddable":true,"href":"http:\/\/shop.prohind.cl\/index.php\/wp-json\/wp\/v2\/users\/1"}],"replies":[{"embeddable":true,"href":"http:\/\/shop.prohind.cl\/index.php\/wp-json\/wp\/v2\/comments?post=764"}],"version-history":[{"count":2,"href":"http:\/\/shop.prohind.cl\/index.php\/wp-json\/wp\/v2\/pages\/764\/revisions"}],"predecessor-version":[{"id":767,"href":"http:\/\/shop.prohind.cl\/index.php\/wp-json\/wp\/v2\/pages\/764\/revisions\/767"}],"wp:attachment":[{"href":"http:\/\/shop.prohind.cl\/index.php\/wp-json\/wp\/v2\/media?parent=764"}],"curies":[{"name":"wp","href":"https:\/\/api.w.org\/{rel}","templated":true}]}}