{"id":8,"date":"2019-09-30T13:06:01","date_gmt":"2019-09-30T16:06:01","guid":{"rendered":"http:\/\/3w.prohind.cl\/?page_id=8"},"modified":"2019-10-16T11:45:56","modified_gmt":"2019-10-16T14:45:56","slug":"inicio","status":"publish","type":"page","link":"http:\/\/shop.prohind.cl\/index.php\/inicio\/","title":{"rendered":"Nuestra Empresa"},"content":{"rendered":"\n<div class=\"wp-block-columns has-2-columns\">\n<div class=\"wp-block-column\">\n<div class=\"wp-block-columns has-2-columns\">\n<div class=\"wp-block-column\">\n<p style=\"color:#ffffff;text-align:center\" class=\"has-text-color has-background has-large-font-size has-vivid-green-cyan-background-color\"><strong>EXPERIENCIA<\/strong><br><\/p>\n\n\n\n<p style=\"background-color:#2469a2;color:#ffffff;text-align:center\" class=\"has-text-color has-background has-medium-font-size\">M\u00e1s de 25 a\u00f1os de experiencia en el rubro oleohidr\u00e1ulico<br><br><br><\/p>\n\n\n\n<div class=\"wp-block-image\"><figure class=\"aligncenter\"><img loading=\"lazy\" width=\"300\" height=\"218\" src=\"http:\/\/shop.prohind.cl\/wp-content\/uploads\/2019\/10\/01.png\" alt=\"\" class=\"wp-image-580\"\/><\/figure><\/div>\n<\/div>\n\n\n\n<div class=\"wp-block-column\">\n<p style=\"color:#ffffff;text-align:center\" class=\"has-text-color has-background has-large-font-size has-vivid-green-cyan-background-color\"><strong>EQUIPO<\/strong><br><br><\/p>\n\n\n\n<p style=\"background-color:#2469a2;color:#ffffff;text-align:center\" class=\"has-text-color has-background has-medium-font-size\">Personal altamente calificado en el quehacer oleohidr\u00e1ulico<br><br><br><\/p>\n\n\n\n<div class=\"wp-block-image\"><figure class=\"aligncenter\"><img loading=\"lazy\" width=\"315\" height=\"218\" src=\"http:\/\/shop.prohind.cl\/wp-content\/uploads\/2019\/10\/02.png\" alt=\"\" class=\"wp-image-581\" srcset=\"http:\/\/shop.prohind.cl\/wp-content\/uploads\/2019\/10\/02.png 315w, http:\/\/shop.prohind.cl\/wp-content\/uploads\/2019\/10\/02-300x208.png 300w\" sizes=\"(max-width: 315px) 100vw, 315px\" \/><\/figure><\/div>\n<\/div>\n<\/div>\n<\/div>\n\n\n\n<div class=\"wp-block-column\">\n<div class=\"wp-block-columns has-2-columns\">\n<div class=\"wp-block-column\">\n<p style=\"color:#ffffff;text-align:center\" class=\"has-text-color has-background has-large-font-size has-vivid-green-cyan-background-color\"><strong>AMPLIA BODEGA<\/strong><\/p>\n\n\n\n<p style=\"background-color:#2469a2;color:#ffffff;text-align:center\" class=\"has-text-color has-background has-medium-font-size\">Stock permanente, adem\u00e1s somos distribuidores oficiales de la marca COVALCA en la regi\u00f3n del Biob\u00edo<\/p>\n\n\n\n<div class=\"wp-block-image\"><figure class=\"aligncenter\"><img loading=\"lazy\" width=\"300\" height=\"217\" src=\"http:\/\/shop.prohind.cl\/wp-content\/uploads\/2019\/10\/03.png\" alt=\"\" class=\"wp-image-582\"\/><\/figure><\/div>\n<\/div>\n\n\n\n<div class=\"wp-block-column\">\n<p style=\"color:#ffffff;text-align:center\" class=\"has-text-color has-background has-large-font-size has-vivid-green-cyan-background-color\"><strong>ASESOR\u00cdA T\u00c9CNICA<\/strong><\/p>\n\n\n\n<p style=\"background-color:#2469a2;color:#ffffff;text-align:center\" class=\"has-text-color has-background has-medium-font-size\">Contamos con el mejor equipo de servicio t\u00e9cnico en terreno<br><br><br><\/p>\n\n\n\n<div class=\"wp-block-image\"><figure class=\"aligncenter\"><img loading=\"lazy\" width=\"314\" height=\"218\" src=\"http:\/\/shop.prohind.cl\/wp-content\/uploads\/2019\/10\/04.png\" alt=\"\" class=\"wp-image-583\" srcset=\"http:\/\/shop.prohind.cl\/wp-content\/uploads\/2019\/10\/04.png 314w, http:\/\/shop.prohind.cl\/wp-content\/uploads\/2019\/10\/04-300x208.png 300w\" sizes=\"(max-width: 314px) 100vw, 314px\" \/><\/figure><\/div>\n<\/div>\n<\/div>\n\n\n\n<p><\/p>\n<\/div>\n<\/div>\n\n\n\n<div class=\"wp-block-media-text alignwide has-media-on-the-right\" style=\"background-color:#2469a2;grid-template-columns:auto 17%\"><figure class=\"wp-block-media-text__media\"><img loading=\"lazy\" width=\"312\" height=\"156\" src=\"http:\/\/shop.prohind.cl\/wp-content\/uploads\/2019\/10\/fono.png\" alt=\"\" class=\"wp-image-563\" srcset=\"http:\/\/shop.prohind.cl\/wp-content\/uploads\/2019\/10\/fono.png 312w, http:\/\/shop.prohind.cl\/wp-content\/uploads\/2019\/10\/fono-300x150.png 300w\" sizes=\"(max-width: 312px) 100vw, 312px\" \/><\/figure><div class=\"wp-block-media-text__content\">\n<p style=\"color:#ffffff;text-align:center\" class=\"has-text-color has-medium-font-size\"><br><br><strong>Somos la empresa l\u00edder dentro de la regi\u00f3n del Biob\u00edo en la fabricaci\u00f3n, reparaci\u00f3n y ensamble de flexibles oleohidr\u00e1ulicos e industriales, por medio de la mejora continua y una oferta diferenciada en productos y servicios de calidad garantizada, basada en la personalizaci\u00f3n de soluciones espec\u00edficas a problem\u00e1ticas oleohidr\u00e1ulicas e industriales. <\/strong><br><br><strong>Creamos valor para nuestros clientes, mediante procesos internos eficientes, brindando una atenci\u00f3n cercana y de calidad.<\/strong><br><br>&#8220;<em>Conf\u00eda, nosotros hacemos el resto<\/em><strong>&#8220;<\/strong><br><br><br><\/p>\n<\/div><\/div>\n","protected":false},"excerpt":{"rendered":"<p>EXPERIENCIA M\u00e1s de 25 a\u00f1os de experiencia en el rubro oleohidr\u00e1ulico EQUIPO Personal altamente calificado en el quehacer oleohidr\u00e1ulico AMPLIA BODEGA Stock permanente, adem\u00e1s somos distribuidores oficiales de la marca COVALCA en la regi\u00f3n del Biob\u00edo ASESOR\u00cdA T\u00c9CNICA Contamos con el mejor equipo de servicio t\u00e9cnico en terreno Somos la empresa l\u00edder dentro de la<\/p>\n","protected":false},"author":1,"featured_media":87,"parent":0,"menu_order":0,"comment_status":"closed","ping_status":"closed","template":"","meta":{"_monsterinsights_skip_tracking":false,"_monsterinsights_sitenote_active":false,"_monsterinsights_sitenote_note":"","_monsterinsights_sitenote_category":0},"_links":{"self":[{"href":"http:\/\/shop.prohind.cl\/index.php\/wp-json\/wp\/v2\/pages\/8"}],"collection":[{"href":"http:\/\/shop.prohind.cl\/index.php\/wp-json\/wp\/v2\/pages"}],"about":[{"href":"http:\/\/shop.prohind.cl\/index.php\/wp-json\/wp\/v2\/types\/page"}],"author":[{"embeddable":true,"href":"http:\/\/shop.prohind.cl\/index.php\/wp-json\/wp\/v2\/users\/1"}],"replies":[{"embeddable":true,"href":"http:\/\/shop.prohind.cl\/index.php\/wp-json\/wp\/v2\/comments?post=8"}],"version-history":[{"count":29,"href":"http:\/\/shop.prohind.cl\/index.php\/wp-json\/wp\/v2\/pages\/8\/revisions"}],"predecessor-version":[{"id":897,"href":"http:\/\/shop.prohind.cl\/index.php\/wp-json\/wp\/v2\/pages\/8\/revisions\/897"}],"wp:featuredmedia":[{"embeddable":true,"href":"http:\/\/shop.prohind.cl\/index.php\/wp-json\/wp\/v2\/media\/87"}],"wp:attachment":[{"href":"http:\/\/shop.prohind.cl\/index.php\/wp-json\/wp\/v2\/media?parent=8"}],"curies":[{"name":"wp","href":"https:\/\/api.w.org\/{rel}","templated":true}]}}