{"id":824,"date":"2019-10-14T18:33:38","date_gmt":"2019-10-14T21:33:38","guid":{"rendered":"http:\/\/3w.prohind.cl\/?page_id=824"},"modified":"2021-11-02T18:03:34","modified_gmt":"2021-11-02T21:03:34","slug":"inicio-2","status":"publish","type":"page","link":"http:\/\/shop.prohind.cl\/","title":{"rendered":"Inicio"},"content":{"rendered":"\n<div class=\"wp-block-image\"><figure class=\"aligncenter size-large is-resized\"><img loading=\"lazy\" src=\"http:\/\/shop.prohind.cl\/wp-content\/uploads\/2021\/11\/EXPERIENCIA-1024x576.png\" alt=\"\" class=\"wp-image-1008\" width=\"1296\" height=\"728\" srcset=\"http:\/\/shop.prohind.cl\/wp-content\/uploads\/2021\/11\/EXPERIENCIA-1024x576.png 1024w, http:\/\/shop.prohind.cl\/wp-content\/uploads\/2021\/11\/EXPERIENCIA-300x169.png 300w, http:\/\/shop.prohind.cl\/wp-content\/uploads\/2021\/11\/EXPERIENCIA-768x432.png 768w, http:\/\/shop.prohind.cl\/wp-content\/uploads\/2021\/11\/EXPERIENCIA-1536x864.png 1536w, http:\/\/shop.prohind.cl\/wp-content\/uploads\/2021\/11\/EXPERIENCIA-2048x1152.png 2048w\" sizes=\"(max-width: 1296px) 100vw, 1296px\" \/><\/figure><\/div>\n\n\n\n<div class=\"wp-block-media-text alignwide has-media-on-the-right has-background\" style=\"background-color:#2469a2;grid-template-columns:auto 17%\"><figure class=\"wp-block-media-text__media\"><img loading=\"lazy\" width=\"312\" height=\"156\" src=\"http:\/\/shop.prohind.cl\/wp-content\/uploads\/2019\/10\/fono.png\" alt=\"\" class=\"wp-image-563 size-full\" srcset=\"http:\/\/shop.prohind.cl\/wp-content\/uploads\/2019\/10\/fono.png 312w, http:\/\/shop.prohind.cl\/wp-content\/uploads\/2019\/10\/fono-300x150.png 300w\" sizes=\"(max-width: 312px) 100vw, 312px\" \/><\/figure><div class=\"wp-block-media-text__content\">\n<p class=\"has-text-align-center has-text-color has-medium-font-size\" style=\"color:#ffffff\"><br><br><strong>Somos la empresa l\u00edder dentro de la regi\u00f3n del Biob\u00edo en la fabricaci\u00f3n, reparaci\u00f3n y ensamble de flexibles oleohidr\u00e1ulicos e industriales, por medio de la mejora continua y una oferta diferenciada en productos y servicios de calidad garantizada, basada en la personalizaci\u00f3n de soluciones espec\u00edficas a problem\u00e1ticas oleohidr\u00e1ulicas e industriales. <\/strong><br><br><strong>Creamos valor para nuestros clientes, mediante procesos internos eficientes, brindando una atenci\u00f3n cercana y de calidad.<\/strong><br><br>&#8220;<em>Conf\u00eda, nosotros hacemos el resto<\/em><strong>&#8220;<\/strong><br><br><br><\/p>\n<\/div><\/div>\n\n\n\n<p><br><br><\/p>\n\n\n\n<div class=\"wp-block-image\"><figure class=\"aligncenter size-large is-resized\"><img loading=\"lazy\" src=\"http:\/\/shop.prohind.cl\/wp-content\/uploads\/2021\/10\/Prohind-1-e1635524632549-1024x364.png\" alt=\"\" class=\"wp-image-994\" width=\"401\" height=\"142\" srcset=\"http:\/\/shop.prohind.cl\/wp-content\/uploads\/2021\/10\/Prohind-1-e1635524632549-1024x364.png 1024w, http:\/\/shop.prohind.cl\/wp-content\/uploads\/2021\/10\/Prohind-1-e1635524632549-300x107.png 300w, http:\/\/shop.prohind.cl\/wp-content\/uploads\/2021\/10\/Prohind-1-e1635524632549-768x273.png 768w, http:\/\/shop.prohind.cl\/wp-content\/uploads\/2021\/10\/Prohind-1-e1635524632549-1536x545.png 1536w, http:\/\/shop.prohind.cl\/wp-content\/uploads\/2021\/10\/Prohind-1-e1635524632549-2048x727.png 2048w\" sizes=\"(max-width: 401px) 100vw, 401px\" \/><\/figure><\/div>\n","protected":false},"excerpt":{"rendered":"<p>Somos la empresa l\u00edder dentro de la regi\u00f3n del Biob\u00edo en la fabricaci\u00f3n, reparaci\u00f3n y ensamble de flexibles oleohidr\u00e1ulicos e industriales, por medio de la mejora continua y una oferta diferenciada en productos y servicios de calidad garantizada, basada en la personalizaci\u00f3n de soluciones espec\u00edficas a problem\u00e1ticas oleohidr\u00e1ulicas e industriales. Creamos valor para nuestros clientes,<\/p>\n","protected":false},"author":1,"featured_media":87,"parent":0,"menu_order":0,"comment_status":"closed","ping_status":"closed","template":"","meta":{"_monsterinsights_skip_tracking":false,"_monsterinsights_sitenote_active":false,"_monsterinsights_sitenote_note":"","_monsterinsights_sitenote_category":0},"_links":{"self":[{"href":"http:\/\/shop.prohind.cl\/index.php\/wp-json\/wp\/v2\/pages\/824"}],"collection":[{"href":"http:\/\/shop.prohind.cl\/index.php\/wp-json\/wp\/v2\/pages"}],"about":[{"href":"http:\/\/shop.prohind.cl\/index.php\/wp-json\/wp\/v2\/types\/page"}],"author":[{"embeddable":true,"href":"http:\/\/shop.prohind.cl\/index.php\/wp-json\/wp\/v2\/users\/1"}],"replies":[{"embeddable":true,"href":"http:\/\/shop.prohind.cl\/index.php\/wp-json\/wp\/v2\/comments?post=824"}],"version-history":[{"count":35,"href":"http:\/\/shop.prohind.cl\/index.php\/wp-json\/wp\/v2\/pages\/824\/revisions"}],"predecessor-version":[{"id":1010,"href":"http:\/\/shop.prohind.cl\/index.php\/wp-json\/wp\/v2\/pages\/824\/revisions\/1010"}],"wp:featuredmedia":[{"embeddable":true,"href":"http:\/\/shop.prohind.cl\/index.php\/wp-json\/wp\/v2\/media\/87"}],"wp:attachment":[{"href":"http:\/\/shop.prohind.cl\/index.php\/wp-json\/wp\/v2\/media?parent=824"}],"curies":[{"name":"wp","href":"https:\/\/api.w.org\/{rel}","templated":true}]}}